{"id":696,"date":"2019-08-28T20:05:40","date_gmt":"2019-08-28T20:05:40","guid":{"rendered":"http:\/\/augolf.pt\/?page_id=696"},"modified":"2019-08-28T20:59:01","modified_gmt":"2019-08-28T20:59:01","slug":"politica-de-privacidade","status":"publish","type":"page","link":"https:\/\/augolf.pt\/index.php\/politica-de-privacidade\/","title":{"rendered":"Informa\u00e7\u00e3o Legal"},"content":{"rendered":"\t\t<div data-elementor-type=\"wp-post\" data-elementor-id=\"696\" class=\"elementor elementor-696\">\n\t\t\t\t\t\t<section class=\"elementor-section elementor-top-section elementor-element elementor-element-faf4322 elementor-section-boxed elementor-section-height-default elementor-section-height-default\" data-id=\"faf4322\" data-element_type=\"section\" data-e-type=\"section\">\n\t\t\t\t\t\t<div class=\"elementor-container elementor-column-gap-default\">\n\t\t\t\t\t<div class=\"elementor-column elementor-col-100 elementor-top-column elementor-element elementor-element-cf59573\" data-id=\"cf59573\" data-element_type=\"column\" data-e-type=\"column\">\n\t\t\t<div class=\"elementor-widget-wrap elementor-element-populated\">\n\t\t\t\t\t\t<div class=\"elementor-element elementor-element-cb0141f elementor-widget elementor-widget-image\" data-id=\"cb0141f\" data-element_type=\"widget\" data-e-type=\"widget\" data-widget_type=\"image.default\">\n\t\t\t\t<div class=\"elementor-widget-container\">\n\t\t\t\t\t\t\t\t\t\t\t\t\t\t\t<img fetchpriority=\"high\" decoding=\"async\" width=\"450\" height=\"268\" src=\"https:\/\/augolf.pt\/wp-content\/uploads\/2019\/08\/regulamento-proteccao-dados-small.gif\" class=\"attachment-full size-full wp-image-697\" alt=\"\" \/>\t\t\t\t\t\t\t\t\t\t\t\t\t\t\t<\/div>\n\t\t\t\t<\/div>\n\t\t\t\t\t<\/div>\n\t\t<\/div>\n\t\t\t\t\t<\/div>\n\t\t<\/section>\n\t\t\t\t<section class=\"elementor-section elementor-top-section elementor-element elementor-element-c579800 elementor-section-boxed elementor-section-height-default elementor-section-height-default\" data-id=\"c579800\" data-element_type=\"section\" data-e-type=\"section\">\n\t\t\t\t\t\t<div class=\"elementor-container elementor-column-gap-default\">\n\t\t\t\t\t<div class=\"elementor-column elementor-col-100 elementor-top-column elementor-element elementor-element-ef873af\" data-id=\"ef873af\" data-element_type=\"column\" data-e-type=\"column\">\n\t\t\t<div class=\"elementor-widget-wrap elementor-element-populated\">\n\t\t\t\t\t\t<div class=\"elementor-element elementor-element-18a1683 elementor-widget elementor-widget-heading\" data-id=\"18a1683\" data-element_type=\"widget\" data-e-type=\"widget\" data-widget_type=\"heading.default\">\n\t\t\t\t<div class=\"elementor-widget-container\">\n\t\t\t\t\t<h2 class=\"elementor-heading-title elementor-size-default\">INFORMA\u00c7\u00c3O LEGAL<\/h2>\t\t\t\t<\/div>\n\t\t\t\t<\/div>\n\t\t\t\t<div class=\"elementor-element elementor-element-6a261bc elementor-widget elementor-widget-heading\" data-id=\"6a261bc\" data-element_type=\"widget\" data-e-type=\"widget\" data-widget_type=\"heading.default\">\n\t\t\t\t<div class=\"elementor-widget-container\">\n\t\t\t\t\t<h2 class=\"elementor-heading-title elementor-size-default\">Artigo 32\u00ba do Decreto-Lei n.\u00ba 144\/2006, de 31 de julho, e Regulamento (UE) 2016\/679 (RGPD)<\/h2>\t\t\t\t<\/div>\n\t\t\t\t<\/div>\n\t\t\t\t<div class=\"elementor-element elementor-element-a5e41c5 elementor-widget elementor-widget-heading\" data-id=\"a5e41c5\" data-element_type=\"widget\" data-e-type=\"widget\" data-widget_type=\"heading.default\">\n\t\t\t\t<div class=\"elementor-widget-container\">\n\t\t\t\t\t<h2 class=\"elementor-heading-title elementor-size-default\">Resumo do RGPD da AUGolf<\/h2>\t\t\t\t<\/div>\n\t\t\t\t<\/div>\n\t\t\t\t<div class=\"elementor-element elementor-element-a792ac8 elementor-widget elementor-widget-text-editor\" data-id=\"a792ac8\" data-element_type=\"widget\" data-e-type=\"widget\" data-widget_type=\"text-editor.default\">\n\t\t\t\t<div class=\"elementor-widget-container\">\n\t\t\t\t\t\t\t\t\t<p>Na<span>\u00a0<\/span><strong>AUGolf<\/strong><span>\u00a0<\/span>respeitamos a sua privacidade e queremos continuar a comunicar consigo, sempre no cumprimento da lei e no seguimento daquilo a que nos vinculamos atrav\u00e9s do novo<span>\u00a0<\/span><strong>Regulamento Geral sobre a Prote\u00e7\u00e3o de Dados<\/strong>.\u00a0<\/p><p>Na nossa<span>\u00a0<\/span><strong>Pol\u00edtica de Privacidade<\/strong><span>\u00a0<\/span>explicamos quem somos, para que finalidades usamos os seus dados, como os tratamos, com quem partilhamos, durante quanto tempo os conservamos, bem como a forma de entrar em contacto connosco e de exercer os seus direitos no seguimento deste novo regulamento.<\/p><p>Os seus dados s\u00e3o tratados pela<span>\u00a0<\/span><strong>AUGolf &#8211; Associa\u00e7\u00e3o Urban\u00edstica do Golf do Montado<\/strong>, pessoa coletiva n\u00famero 508 059 097, com sede na Urbaniza\u00e7\u00e3o do Golf do Montado Rua do Sobreiro, Portaria Lote 1,\u00a0 2950-809 Palmela, doravante<span>\u00a0<\/span><strong>AUGolf<\/strong>. Somos uma Associa\u00e7\u00e3o sem fins lucrativos que tem a responsabilidade de tratar, gerir e proteger os dados pessoais que s\u00e3o entregues pelos seus Associados, ativos ou n\u00e3o, no cumprimento do novo<span>\u00a0<\/span><strong>Regulamento Geral sobre a Prote\u00e7\u00e3o de Dados<\/strong>.<\/p><p><\/p><p>Para quest\u00f5es relacionadas com o tratamento dos seus dados pessoais, poder\u00e1 entrar em connosco atrav\u00e9s dos seguintes meios:<\/p><p><strong>Telefone:<\/strong><span>\u00a0<\/span>+351 211 358 435<\/p><p><strong>Morada:<\/strong><span> Urbaniza\u00e7\u00e3o do Golf do Montado Rua do Sobreiro, Portaria Lote 1,\u00a0 2950-809 Palmela<\/span><\/p><p><strong>Email:\u00a0<\/strong>geral@augolf.pt<\/p>\t\t\t\t\t\t\t\t<\/div>\n\t\t\t\t<\/div>\n\t\t\t\t\t<\/div>\n\t\t<\/div>\n\t\t\t\t\t<\/div>\n\t\t<\/section>\n\t\t\t\t<section class=\"elementor-section elementor-top-section elementor-element elementor-element-136eff2 elementor-section-boxed elementor-section-height-default elementor-section-height-default\" data-id=\"136eff2\" data-element_type=\"section\" data-e-type=\"section\">\n\t\t\t\t\t\t<div class=\"elementor-container elementor-column-gap-default\">\n\t\t\t\t\t<div class=\"elementor-column elementor-col-100 elementor-top-column elementor-element elementor-element-5ae53f1\" data-id=\"5ae53f1\" data-element_type=\"column\" data-e-type=\"column\">\n\t\t\t<div class=\"elementor-widget-wrap elementor-element-populated\">\n\t\t\t\t\t\t<div class=\"elementor-element elementor-element-d698b53 elementor-widget elementor-widget-text-editor\" data-id=\"d698b53\" data-element_type=\"widget\" data-e-type=\"widget\" data-widget_type=\"text-editor.default\">\n\t\t\t\t<div class=\"elementor-widget-container\">\n\t\t\t\t\t\t\t\t\t<p><strong>FINALIDADE DO TRATAMENTO DE DADOS E CATEGORIA DE DADOS TRATADOS<\/strong><\/p><p>No momento da sua inscri\u00e7\u00e3o ir\u00e1 facultar-nos dados com a finalidade para gerir os seus pedidos de<em> Parcerias &amp; Protocolos <\/em>, facultar-lhe toda a informa\u00e7\u00e3o que precisa sobre a<span>\u00a0<\/span><strong>AUGolf<\/strong><span>\u00a0<\/span>e os seus protocolos, eventos e novos servi\u00e7os e para o manter informado sobre todas as novidades que se passam na sua Associa\u00e7\u00e3o e no Golf do Montado.<\/p><p>Assim os seus dados s\u00e3o utilizados para:<\/p><p>&#8211; Enviar Comunicados da Dire\u00e7\u00e3o;<br \/>&#8211; Convocat\u00f3rias para os nossos eventos;<br \/>&#8211; Newsletter Trimestral com not\u00edcias sobre a<span>\u00a0<\/span><strong>AUGolf<\/strong><span>\u00a0<\/span>e sobre a urbaniza\u00e7\u00e3o;<br \/>&#8211; Poder prestar um melhor servi\u00e7o enviando alertas, recibos e outras informa\u00e7\u00f5es administrativas;<br \/>&#8211; Respeitar a sua escolha no caso de nos solicitar algum tratamento especifico.<\/p><p><strong>PARTILHA DOS SEUS DADOS PESSOAIS<\/strong><\/p><p>A AUGolf n\u00e3o partilha os dados pessoais dos seus associados com ningu\u00e9m, a n\u00e3o ser que nos seja autorizada para tal. \u00c9 imperativo para n\u00f3s que os seus dados estejam protegidos e confidenciais e, sendo assim, n\u00e3o os partilhamos com nenhum parceiro ou outro Associado. No caso de algum dos seus dados nos ser solicitado por terceiros, entraremos sempre em contacto consigo para solicitar a devida autoriza\u00e7\u00e3o.<\/p><p><strong>C<\/strong><strong>ONHECE OS SEUS DIREITOS?<\/strong><\/p><p>A qualquer momento, pode solicitar-nos:<\/p><p>&#8211; O acesso \u00e0 informa\u00e7\u00e3o que temos sobre si;<br \/>&#8211; A retifica\u00e7\u00e3o da informa\u00e7\u00e3o caso seja incorreta ou incompleta;<br \/>&#8211; Para apagar ou limitar o tratamento dos seus dados pessoais;<\/p><p>Todos os seus dados ser\u00e3o tratados com especial cuidado de forma a que possamos assegurar a efic\u00e1cia dos seus direitos. Poder\u00e1 ser-lhe pedido que fa\u00e7a prova da sua identidade sempre que solicitar alguma altera\u00e7\u00e3o. Essa confirma\u00e7\u00e3o serve para nos assegurarmos que o pedido \u00e9 mesmo feito por si e que a partilha dos dados que temos \u00e9 feita devidamente e em<span>\u00a0<\/span><strong>cumprimento da lei<\/strong><span>\u00a0<\/span>e daquilo que est\u00e1 estipulado na nossa<span>\u00a0<\/span><strong>Pol\u00edtica de Privacidade<\/strong>.<\/p><p>Tem ainda o direito de apresentar uma reclama\u00e7\u00e3o \u00e0<span>\u00a0<\/span><strong>Comiss\u00e3o Nacional de Prote\u00e7\u00e3o de Dados<\/strong>.<\/p><p><strong>DIREITO DE ACESSO<\/strong><\/p><p>Enquanto titular dos dados pessoais, tem o direito de obter da nossa parte a confirma\u00e7\u00e3o de que os dados que lhe dizem respeito s\u00e3o, ou n\u00e3o, objeto de tratamento e, se for o caso, solicitar a sua altera\u00e7\u00e3o.<\/p><p><strong>DIREITO DE RETIFICA\u00c7\u00c3O<\/strong><\/p><p>Enquanto titular dos dados pessoais tem o direito de obter da parte da<span>\u00a0<\/span><strong>AUGolf<\/strong>, sem demora injustificada, a retifica\u00e7\u00e3o dos dados inexatos ou incompletos que lhe digam respeito.<\/p><p><strong>DIREITO DE ELIMINA\u00c7\u00c3O DOS DADOS<\/strong><\/p><p>Os seus dados pessoais s\u00e3o fundamentais para o cumprimento dos<span>\u00a0<\/span><strong>Estatutos e Regulamentos da Associa\u00e7\u00e3o<\/strong><span>\u00a0<\/span>e para a manuten\u00e7\u00e3o da sua categoria de Associado. No entanto, e em cumprimento com o novo<span>\u00a0<\/span><strong>RGPD<\/strong>, passas a ter o direito a que a<span>\u00a0<\/span><strong>AUGolf<\/strong><span>\u00a0<\/span>apague os seus dados exclusivamente no caso de se aplicar um dos seguintes motivos:<\/p><p>&#8211; Os dados pessoais deixam de ser necess\u00e1rios para a finalidade que\u00a0 motivou a sua obten\u00e7\u00e3o ou tratamento;<br \/>&#8211; Deixa de ser nosso Associado;<br \/>&#8211; O titular op\u00f5e-se ao tratamento e n\u00e3o existem interesses leg\u00edtimos, da nossa parte, prevalecentes que justifiquem o tratamento.<\/p><p><strong>EXERC\u00cdCIO DOS DIREITOS<\/strong><\/p><p>Pode exercer os direitos acima elevados:<\/p><p>a) Presencialmente, na nossa Portaria na Urbaniza\u00e7\u00e3o Golf do Montado Rua do Sobreiro Lote 1 Portaria 2950-809 Palmela;<br \/>b) Atrav\u00e9s de carta registada;<br \/>c) Envio de pedido atrav\u00e9s do email:<span> apoioassociado@augolf.pt<\/span>;<br \/>d) Atrav\u00e9s de contacto telef\u00f3nico para os n\u00fameros:<span>\u00a0<\/span>+351 211 358 435<span>\u00a0<\/span>ou<span>\u00a0<\/span>+351 917 574 819.<\/p><p><strong>COOKIES DO NOSSO SITE<\/strong><\/p><p>Se visitar a p\u00e1gina de in\u00edcio de sess\u00e3o, ser\u00e1 configurado um cookie tempor\u00e1rio para determinar se o seu navegador aceita cookies. Este cookie n\u00e3o cont\u00e9m dados pessoais e ser\u00e1 eliminado ao fechar o seu navegador.<\/p><p>Ao iniciar a sess\u00e3o, ser\u00e3o configurados alguns cookies para guardar a sua informa\u00e7\u00e3o de sess\u00e3o e as suas escolhas de visualiza\u00e7\u00e3o de ecr\u00e3. Os cookies de in\u00edcio de sess\u00e3o duram um ano. Se seleccionar \u201cLembrar-me\u201d, a sua sess\u00e3o ir\u00e1 persistir durante duas semanas. Ao terminar a sess\u00e3o, os cookies de inicio de sess\u00e3o ser\u00e3o removidos.<\/p><p>Se editar ou publicar um artigo, ser\u00e1 guardado no seu navegador um cookie adicional. Este cookie n\u00e3o inclui dados pessoais apenas indica o ID de conte\u00fado do artigo que acabou de editar. Expira ao fim de 1 dia.<\/p><p>Para visualizar\u00a0Pol\u00edtica de Privacidade &#8211; RGPD da AUGolf basta pedir e a AUGolf reserva o direito a alterar esta pol\u00edtica para que se mantenha sempre atualizada e em conformidade com a lei.<\/p>\t\t\t\t\t\t\t\t<\/div>\n\t\t\t\t<\/div>\n\t\t\t\t\t<\/div>\n\t\t<\/div>\n\t\t\t\t\t<\/div>\n\t\t<\/section>\n\t\t\t\t<\/div>\n\t\t","protected":false},"excerpt":{"rendered":"<p>INFORMA\u00c7\u00c3O LEGAL Artigo 32\u00ba do Decreto-Lei n.\u00ba 144\/2006, de 31 de julho, e Regulamento (UE) 2016\/679 (RGPD) Resumo do RGPD da AUGolf Na\u00a0AUGolf\u00a0respeitamos a sua privacidade e queremos continuar a comunicar consigo, sempre no cumprimento da lei e no seguimento daquilo a que nos vinculamos atrav\u00e9s do novo\u00a0Regulamento Geral sobre [&hellip;]<\/p>\n","protected":false},"author":1,"featured_media":697,"parent":0,"menu_order":0,"comment_status":"closed","ping_status":"closed","template":"page-templates\/template-pagebuilder-full-width.php","meta":{"footnotes":""},"class_list":["post-696","page","type-page","status-publish","has-post-thumbnail","hentry"],"_links":{"self":[{"href":"https:\/\/augolf.pt\/index.php\/wp-json\/wp\/v2\/pages\/696","targetHints":{"allow":["GET"]}}],"collection":[{"href":"https:\/\/augolf.pt\/index.php\/wp-json\/wp\/v2\/pages"}],"about":[{"href":"https:\/\/augolf.pt\/index.php\/wp-json\/wp\/v2\/types\/page"}],"author":[{"embeddable":true,"href":"https:\/\/augolf.pt\/index.php\/wp-json\/wp\/v2\/users\/1"}],"replies":[{"embeddable":true,"href":"https:\/\/augolf.pt\/index.php\/wp-json\/wp\/v2\/comments?post=696"}],"version-history":[{"count":12,"href":"https:\/\/augolf.pt\/index.php\/wp-json\/wp\/v2\/pages\/696\/revisions"}],"predecessor-version":[{"id":4143,"href":"https:\/\/augolf.pt\/index.php\/wp-json\/wp\/v2\/pages\/696\/revisions\/4143"}],"wp:featuredmedia":[{"embeddable":true,"href":"https:\/\/augolf.pt\/index.php\/wp-json\/wp\/v2\/media\/697"}],"wp:attachment":[{"href":"https:\/\/augolf.pt\/index.php\/wp-json\/wp\/v2\/media?parent=696"}],"curies":[{"name":"wp","href":"https:\/\/api.w.org\/{rel}","templated":true}]}}