{"id":539,"date":"2019-08-10T17:00:15","date_gmt":"2019-08-10T17:00:15","guid":{"rendered":"http:\/\/augolf.pt\/?page_id=539"},"modified":"2022-01-23T14:16:34","modified_gmt":"2022-01-23T14:16:34","slug":"newsletter-augolf","status":"publish","type":"page","link":"https:\/\/augolf.pt\/index.php\/newsletter-augolf\/","title":{"rendered":"Newsletter AUGolf"},"content":{"rendered":"\t\t<div data-elementor-type=\"wp-post\" data-elementor-id=\"539\" class=\"elementor elementor-539\">\n\t\t\t\t\t\t<section class=\"elementor-section elementor-top-section elementor-element elementor-element-839b9c3 elementor-section-boxed elementor-section-height-default elementor-section-height-default\" data-id=\"839b9c3\" data-element_type=\"section\" data-e-type=\"section\">\n\t\t\t\t\t\t<div class=\"elementor-container elementor-column-gap-default\">\n\t\t\t\t\t<div class=\"elementor-column elementor-col-100 elementor-top-column elementor-element elementor-element-6506fc7\" data-id=\"6506fc7\" data-element_type=\"column\" data-e-type=\"column\">\n\t\t\t<div class=\"elementor-widget-wrap elementor-element-populated\">\n\t\t\t\t\t\t<div class=\"elementor-element elementor-element-d98f2ed elementor-widget elementor-widget-image\" data-id=\"d98f2ed\" data-element_type=\"widget\" data-e-type=\"widget\" data-widget_type=\"image.default\">\n\t\t\t\t<div class=\"elementor-widget-container\">\n\t\t\t\t\t\t\t\t\t\t\t\t\t\t\t<img fetchpriority=\"high\" decoding=\"async\" width=\"750\" height=\"166\" src=\"https:\/\/augolf.pt\/wp-content\/uploads\/2021\/04\/Noticias_AUGolf-1024x226.jpg\" class=\"attachment-large size-large wp-image-2652\" alt=\"\" srcset=\"https:\/\/augolf.pt\/wp-content\/uploads\/2021\/04\/Noticias_AUGolf-1024x226.jpg 1024w, https:\/\/augolf.pt\/wp-content\/uploads\/2021\/04\/Noticias_AUGolf-300x66.jpg 300w, https:\/\/augolf.pt\/wp-content\/uploads\/2021\/04\/Noticias_AUGolf-768x169.jpg 768w, https:\/\/augolf.pt\/wp-content\/uploads\/2021\/04\/Noticias_AUGolf-1536x338.jpg 1536w, https:\/\/augolf.pt\/wp-content\/uploads\/2021\/04\/Noticias_AUGolf-2048x451.jpg 2048w\" sizes=\"(max-width: 750px) 100vw, 750px\" \/>\t\t\t\t\t\t\t\t\t\t\t\t\t\t\t<\/div>\n\t\t\t\t<\/div>\n\t\t\t\t<div class=\"elementor-element elementor-element-1a540ee elementor-widget elementor-widget-heading\" data-id=\"1a540ee\" data-element_type=\"widget\" data-e-type=\"widget\" data-widget_type=\"heading.default\">\n\t\t\t\t<div class=\"elementor-widget-container\">\n\t\t\t\t\t<h2 class=\"elementor-heading-title elementor-size-default\">Ainda n\u00e3o sabe das \u00faltimas novidades?<\/h2>\t\t\t\t<\/div>\n\t\t\t\t<\/div>\n\t\t\t\t<div class=\"elementor-element elementor-element-c06d240 elementor-button-info elementor-align-center elementor-widget elementor-widget-button\" data-id=\"c06d240\" data-element_type=\"widget\" data-e-type=\"widget\" data-widget_type=\"button.default\">\n\t\t\t\t<div class=\"elementor-widget-container\">\n\t\t\t\t\t\t\t\t\t<div class=\"elementor-button-wrapper\">\n\t\t\t\t\t<a class=\"elementor-button elementor-button-link elementor-size-sm\" href=\"https:\/\/mailchi.mp\/273ade82e0df\/newsletter_1_2019-5090702\" target=\"_blank\" rel=\"noopener\">\n\t\t\t\t\t\t<span class=\"elementor-button-content-wrapper\">\n\t\t\t\t\t\t\t\t\t<span class=\"elementor-button-text\">Vers\u00e3o Portuguesa<\/span>\n\t\t\t\t\t<\/span>\n\t\t\t\t\t<\/a>\n\t\t\t\t<\/div>\n\t\t\t\t\t\t\t\t<\/div>\n\t\t\t\t<\/div>\n\t\t\t\t<div class=\"elementor-element elementor-element-3983bac elementor-widget elementor-widget-spacer\" data-id=\"3983bac\" data-element_type=\"widget\" data-e-type=\"widget\" data-widget_type=\"spacer.default\">\n\t\t\t\t<div class=\"elementor-widget-container\">\n\t\t\t\t\t\t\t<div class=\"elementor-spacer\">\n\t\t\t<div class=\"elementor-spacer-inner\"><\/div>\n\t\t<\/div>\n\t\t\t\t\t\t<\/div>\n\t\t\t\t<\/div>\n\t\t\t\t<div class=\"elementor-element elementor-element-b8108d6 elementor-button-info elementor-align-center elementor-widget elementor-widget-button\" data-id=\"b8108d6\" data-element_type=\"widget\" data-e-type=\"widget\" data-widget_type=\"button.default\">\n\t\t\t\t<div class=\"elementor-widget-container\">\n\t\t\t\t\t\t\t\t\t<div class=\"elementor-button-wrapper\">\n\t\t\t\t\t<a class=\"elementor-button elementor-button-link elementor-size-sm\" href=\"https:\/\/mailchi.mp\/737e843a549d\/noticias-5090698\" target=\"_blank\" rel=\"noopener\">\n\t\t\t\t\t\t<span class=\"elementor-button-content-wrapper\">\n\t\t\t\t\t\t\t\t\t<span class=\"elementor-button-text\">English Version<\/span>\n\t\t\t\t\t<\/span>\n\t\t\t\t\t<\/a>\n\t\t\t\t<\/div>\n\t\t\t\t\t\t\t\t<\/div>\n\t\t\t\t<\/div>\n\t\t\t\t<div class=\"elementor-element elementor-element-a482d10 elementor-widget elementor-widget-spacer\" data-id=\"a482d10\" data-element_type=\"widget\" data-e-type=\"widget\" data-widget_type=\"spacer.default\">\n\t\t\t\t<div class=\"elementor-widget-container\">\n\t\t\t\t\t\t\t<div class=\"elementor-spacer\">\n\t\t\t<div class=\"elementor-spacer-inner\"><\/div>\n\t\t<\/div>\n\t\t\t\t\t\t<\/div>\n\t\t\t\t<\/div>\n\t\t\t\t\t<\/div>\n\t\t<\/div>\n\t\t\t\t\t<\/div>\n\t\t<\/section>\n\t\t\t\t<section class=\"elementor-section elementor-top-section elementor-element elementor-element-8b7f5e9 elementor-section-boxed elementor-section-height-default elementor-section-height-default\" data-id=\"8b7f5e9\" data-element_type=\"section\" data-e-type=\"section\">\n\t\t\t\t\t\t<div class=\"elementor-container elementor-column-gap-default\">\n\t\t\t\t\t<div class=\"elementor-column elementor-col-100 elementor-top-column elementor-element elementor-element-d60341e\" data-id=\"d60341e\" data-element_type=\"column\" data-e-type=\"column\">\n\t\t\t<div class=\"elementor-widget-wrap elementor-element-populated\">\n\t\t\t\t\t\t<div class=\"elementor-element elementor-element-1a1a338 elementor-widget elementor-widget-heading\" data-id=\"1a1a338\" data-element_type=\"widget\" data-e-type=\"widget\" data-widget_type=\"heading.default\">\n\t\t\t\t<div class=\"elementor-widget-container\">\n\t\t\t\t\t<h2 class=\"elementor-heading-title elementor-size-default\">Quer receber comodamente a nossa newsletter?<\/h2>\t\t\t\t<\/div>\n\t\t\t\t<\/div>\n\t\t\t\t<div class=\"elementor-element elementor-element-2a24cae elementor-widget elementor-widget-text-editor\" data-id=\"2a24cae\" data-element_type=\"widget\" data-e-type=\"widget\" data-widget_type=\"text-editor.default\">\n\t\t\t\t<div class=\"elementor-widget-container\">\n\t\t\t\t\t\t\t\t\t<p>Inscreva-se preenchendo o seguinte formul\u00e1rio e receba mal ela seja publicada!<\/p>\t\t\t\t\t\t\t\t<\/div>\n\t\t\t\t<\/div>\n\t\t\t\t\t<\/div>\n\t\t<\/div>\n\t\t\t\t\t<\/div>\n\t\t<\/section>\n\t\t\t\t<section class=\"elementor-section elementor-top-section elementor-element elementor-element-6e73e11 elementor-section-boxed elementor-section-height-default elementor-section-height-default\" data-id=\"6e73e11\" data-element_type=\"section\" data-e-type=\"section\">\n\t\t\t\t\t\t<div class=\"elementor-container elementor-column-gap-default\">\n\t\t\t\t\t<div class=\"elementor-column elementor-col-33 elementor-top-column elementor-element elementor-element-a133a60\" data-id=\"a133a60\" data-element_type=\"column\" data-e-type=\"column\">\n\t\t\t<div class=\"elementor-widget-wrap elementor-element-populated\">\n\t\t\t\t\t\t<div class=\"elementor-element elementor-element-1626f2e elementor-widget elementor-widget-image\" data-id=\"1626f2e\" data-element_type=\"widget\" data-e-type=\"widget\" data-widget_type=\"image.default\">\n\t\t\t\t<div class=\"elementor-widget-container\">\n\t\t\t\t\t\t\t\t\t\t\t\t\t\t\t<img decoding=\"async\" width=\"750\" height=\"675\" src=\"https:\/\/augolf.pt\/wp-content\/uploads\/2019\/08\/2678964_freepik-e1565457510820-1024x922.jpg\" class=\"attachment-large size-large wp-image-552\" alt=\"\" srcset=\"https:\/\/augolf.pt\/wp-content\/uploads\/2019\/08\/2678964_freepik-e1565457510820-1024x922.jpg 1024w, https:\/\/augolf.pt\/wp-content\/uploads\/2019\/08\/2678964_freepik-e1565457510820-300x270.jpg 300w, https:\/\/augolf.pt\/wp-content\/uploads\/2019\/08\/2678964_freepik-e1565457510820-768x691.jpg 768w, https:\/\/augolf.pt\/wp-content\/uploads\/2019\/08\/2678964_freepik-e1565457510820.jpg 2000w\" sizes=\"(max-width: 750px) 100vw, 750px\" \/>\t\t\t\t\t\t\t\t\t\t\t\t\t\t\t<\/div>\n\t\t\t\t<\/div>\n\t\t\t\t\t<\/div>\n\t\t<\/div>\n\t\t\t\t<div class=\"elementor-column elementor-col-66 elementor-top-column elementor-element elementor-element-466081d\" data-id=\"466081d\" data-element_type=\"column\" data-e-type=\"column\">\n\t\t\t<div class=\"elementor-widget-wrap elementor-element-populated\">\n\t\t\t\t\t\t<div class=\"elementor-element elementor-element-608f14e elementor-widget elementor-widget-wp-widget-mc4wp_form_widget\" data-id=\"608f14e\" data-element_type=\"widget\" data-e-type=\"widget\" data-widget_type=\"wp-widget-mc4wp_form_widget.default\">\n\t\t\t\t<div class=\"elementor-widget-container\">\n\t\t\t\t\t<h5>Inscri\u00e7\u00e3o<\/h5><script>(function() {\n\twindow.mc4wp = window.mc4wp || {\n\t\tlisteners: [],\n\t\tforms: {\n\t\t\ton: function(evt, cb) {\n\t\t\t\twindow.mc4wp.listeners.push(\n\t\t\t\t\t{\n\t\t\t\t\t\tevent   : evt,\n\t\t\t\t\t\tcallback: cb\n\t\t\t\t\t}\n\t\t\t\t);\n\t\t\t}\n\t\t}\n\t}\n})();\n<\/script><!-- Mailchimp for WordPress v4.10.7 - https:\/\/wordpress.org\/plugins\/mailchimp-for-wp\/ --><form id=\"mc4wp-form-1\" class=\"mc4wp-form mc4wp-form-547 mc4wp-form-theme mc4wp-form-theme-green\" method=\"post\" data-id=\"547\" data-name=\"Mailchimp Newsletter\" ><div class=\"mc4wp-form-fields\"><p>\r\n      <label>Apelido<\/label>\r\n    <input type=\"text\" name=\"FNAME\" required=\"\"> \r\n  \r\n<\/p>\r\n<p>\r\n    <label>Nome<\/label>\r\n    <input type=\"text\" name=\"LNAME\" required=\"\">\r\n<\/p>\r\n<p>\r\n\t<label>Anivers\u00e1rio<\/label>\r\n    <input type=\"text\" name=\"BIRTHDAY\" required=\"\">\r\n<\/p>\r\n<p>\r\n    <label>Telem\u00f3vel<\/label>\r\n    <input type=\"tel\" name=\"PHONE\" required=\"\">\r\n<\/p>\r\n\t<label>Email address: <\/label>\r\n\t<input type=\"email\" name=\"EMAIL\" placeholder=\"Your email address\" required \/>\r\n<p>\r\n    <input type=\"submit\" value=\"Subscrever\">\r\n<\/p><\/div><label style=\"display: none !important;\">Deixe este campo vazio se for humano: <input type=\"text\" name=\"_mc4wp_honeypot\" value=\"\" tabindex=\"-1\" autocomplete=\"off\" \/><\/label><input type=\"hidden\" name=\"_mc4wp_timestamp\" value=\"1776319774\" \/><input type=\"hidden\" name=\"_mc4wp_form_id\" value=\"547\" \/><input type=\"hidden\" name=\"_mc4wp_form_element_id\" value=\"mc4wp-form-1\" \/><div class=\"mc4wp-response\"><\/div><\/form><!-- \/ Mailchimp for WordPress Plugin -->\t\t\t\t<\/div>\n\t\t\t\t<\/div>\n\t\t\t\t\t<\/div>\n\t\t<\/div>\n\t\t\t\t\t<\/div>\n\t\t<\/section>\n\t\t\t\t<section class=\"elementor-section elementor-top-section elementor-element elementor-element-1088986 elementor-section-boxed elementor-section-height-default elementor-section-height-default\" data-id=\"1088986\" data-element_type=\"section\" data-e-type=\"section\">\n\t\t\t\t\t\t<div class=\"elementor-container elementor-column-gap-default\">\n\t\t\t\t\t<div class=\"elementor-column elementor-col-100 elementor-top-column elementor-element elementor-element-32b8c7f\" data-id=\"32b8c7f\" data-element_type=\"column\" data-e-type=\"column\">\n\t\t\t<div class=\"elementor-widget-wrap\">\n\t\t\t\t\t\t\t<\/div>\n\t\t<\/div>\n\t\t\t\t\t<\/div>\n\t\t<\/section>\n\t\t\t\t<\/div>\n\t\t","protected":false},"excerpt":{"rendered":"<p>Ainda n\u00e3o sabe das \u00faltimas novidades? Vers\u00e3o Portuguesa English Version Quer receber comodamente a nossa newsletter? Inscreva-se preenchendo o seguinte formul\u00e1rio e receba mal ela seja publicada!<\/p>\n","protected":false},"author":1,"featured_media":0,"parent":0,"menu_order":0,"comment_status":"closed","ping_status":"closed","template":"","meta":{"footnotes":""},"class_list":["post-539","page","type-page","status-publish","hentry"],"_links":{"self":[{"href":"https:\/\/augolf.pt\/index.php\/wp-json\/wp\/v2\/pages\/539","targetHints":{"allow":["GET"]}}],"collection":[{"href":"https:\/\/augolf.pt\/index.php\/wp-json\/wp\/v2\/pages"}],"about":[{"href":"https:\/\/augolf.pt\/index.php\/wp-json\/wp\/v2\/types\/page"}],"author":[{"embeddable":true,"href":"https:\/\/augolf.pt\/index.php\/wp-json\/wp\/v2\/users\/1"}],"replies":[{"embeddable":true,"href":"https:\/\/augolf.pt\/index.php\/wp-json\/wp\/v2\/comments?post=539"}],"version-history":[{"count":37,"href":"https:\/\/augolf.pt\/index.php\/wp-json\/wp\/v2\/pages\/539\/revisions"}],"predecessor-version":[{"id":3136,"href":"https:\/\/augolf.pt\/index.php\/wp-json\/wp\/v2\/pages\/539\/revisions\/3136"}],"wp:attachment":[{"href":"https:\/\/augolf.pt\/index.php\/wp-json\/wp\/v2\/media?parent=539"}],"curies":[{"name":"wp","href":"https:\/\/api.w.org\/{rel}","templated":true}]}}