{"id":504,"date":"2019-08-10T16:27:15","date_gmt":"2019-08-10T16:27:15","guid":{"rendered":"http:\/\/augolf.pt\/?page_id=504"},"modified":"2021-11-24T14:44:57","modified_gmt":"2021-11-24T14:44:57","slug":"noticias","status":"publish","type":"page","link":"https:\/\/augolf.pt\/index.php\/noticias\/","title":{"rendered":"Not\u00edcias"},"content":{"rendered":"\t\t<div data-elementor-type=\"wp-post\" data-elementor-id=\"504\" class=\"elementor elementor-504\">\n\t\t\t\t\t\t<section class=\"elementor-section elementor-top-section elementor-element elementor-element-57ed982 elementor-section-boxed elementor-section-height-default elementor-section-height-default\" data-id=\"57ed982\" data-element_type=\"section\" data-e-type=\"section\">\n\t\t\t\t\t\t<div class=\"elementor-container elementor-column-gap-default\">\n\t\t\t\t\t<div class=\"elementor-column elementor-col-33 elementor-top-column elementor-element elementor-element-730b845\" data-id=\"730b845\" data-element_type=\"column\" data-e-type=\"column\">\n\t\t\t<div class=\"elementor-widget-wrap elementor-element-populated\">\n\t\t\t\t\t\t<div class=\"elementor-element elementor-element-2978da9 elementor-widget elementor-widget-sidebar\" data-id=\"2978da9\" data-element_type=\"widget\" data-e-type=\"widget\" data-widget_type=\"sidebar.default\">\n\t\t\t\t<div class=\"elementor-widget-container\">\n\t\t\t\t\t<div id=\"search-2\" class=\"widget widget_search\"><form role=\"search\" method=\"get\" class=\"search-form\" action=\"https:\/\/augolf.pt\/\">\n\t\t\t\t<label>\n\t\t\t\t\t<span class=\"screen-reader-text\">Pesquisar por:<\/span>\n\t\t\t\t\t<input type=\"search\" class=\"search-field\" placeholder=\"Pesquisar &hellip;\" value=\"\" name=\"s\" \/>\n\t\t\t\t<\/label>\n\t\t\t\t<input type=\"submit\" class=\"search-submit\" value=\"Pesquisar\" \/>\n\t\t\t<\/form><\/div>\n\t\t<div id=\"recent-posts-2\" class=\"widget widget_recent_entries\">\n\t\t<h5>Artigos recentes<\/h5>\n\t\t<ul>\n\t\t\t\t\t\t\t\t\t\t\t<li>\n\t\t\t\t\t<a href=\"https:\/\/augolf.pt\/index.php\/comunicado-no2-2022\/\">Comunicado n\u00ba2\/2022<\/a>\n\t\t\t\t\t\t\t\t\t<\/li>\n\t\t\t\t\t\t\t\t\t\t\t<li>\n\t\t\t\t\t<a href=\"https:\/\/augolf.pt\/index.php\/informacao-no1-2022\/\">Informa\u00e7\u00e3o n\u00ba1\/2022<\/a>\n\t\t\t\t\t\t\t\t\t<\/li>\n\t\t\t\t\t\t\t\t\t\t\t<li>\n\t\t\t\t\t<a href=\"https:\/\/augolf.pt\/index.php\/comunicado-no1-2022\/\">Comunicado n\u00ba1\/2022<\/a>\n\t\t\t\t\t\t\t\t\t<\/li>\n\t\t\t\t\t\t\t\t\t\t\t<li>\n\t\t\t\t\t<a href=\"https:\/\/augolf.pt\/index.php\/news-augolf-4t2021\/\">News AUGolf 4T2021<\/a>\n\t\t\t\t\t\t\t\t\t<\/li>\n\t\t\t\t\t\t\t\t\t\t\t<li>\n\t\t\t\t\t<a href=\"https:\/\/augolf.pt\/index.php\/limpeza-urbana\/\">Limpeza Urbana<\/a>\n\t\t\t\t\t\t\t\t\t<\/li>\n\t\t\t\t\t<\/ul>\n\n\t\t<\/div><div id=\"recent-comments-2\" class=\"widget widget_recent_comments\"><h5>Coment\u00e1rios recentes<\/h5><ul id=\"recentcomments\"><\/ul><\/div><div id=\"archives-2\" class=\"widget widget_archive\"><h5>Arquivo<\/h5>\n\t\t\t<ul>\n\t\t\t\t\t<li><a href=\"https:\/\/augolf.pt\/index.php\/2022\/02\/\">Fevereiro 2022<\/a><\/li>\n\t<li><a href=\"https:\/\/augolf.pt\/index.php\/2022\/01\/\">Janeiro 2022<\/a><\/li>\n\t<li><a href=\"https:\/\/augolf.pt\/index.php\/2021\/12\/\">Dezembro 2021<\/a><\/li>\n\t<li><a href=\"https:\/\/augolf.pt\/index.php\/2021\/11\/\">Novembro 2021<\/a><\/li>\n\t<li><a href=\"https:\/\/augolf.pt\/index.php\/2021\/10\/\">Outubro 2021<\/a><\/li>\n\t<li><a href=\"https:\/\/augolf.pt\/index.php\/2021\/09\/\">Setembro 2021<\/a><\/li>\n\t<li><a href=\"https:\/\/augolf.pt\/index.php\/2021\/07\/\">Julho 2021<\/a><\/li>\n\t<li><a href=\"https:\/\/augolf.pt\/index.php\/2021\/06\/\">Junho 2021<\/a><\/li>\n\t<li><a href=\"https:\/\/augolf.pt\/index.php\/2021\/04\/\">Abril 2021<\/a><\/li>\n\t<li><a href=\"https:\/\/augolf.pt\/index.php\/2021\/03\/\">Mar\u00e7o 2021<\/a><\/li>\n\t<li><a href=\"https:\/\/augolf.pt\/index.php\/2021\/02\/\">Fevereiro 2021<\/a><\/li>\n\t<li><a href=\"https:\/\/augolf.pt\/index.php\/2021\/01\/\">Janeiro 2021<\/a><\/li>\n\t<li><a href=\"https:\/\/augolf.pt\/index.php\/2020\/12\/\">Dezembro 2020<\/a><\/li>\n\t<li><a href=\"https:\/\/augolf.pt\/index.php\/2020\/11\/\">Novembro 2020<\/a><\/li>\n\t<li><a href=\"https:\/\/augolf.pt\/index.php\/2020\/08\/\">Agosto 2020<\/a><\/li>\n\t<li><a href=\"https:\/\/augolf.pt\/index.php\/2020\/07\/\">Julho 2020<\/a><\/li>\n\t<li><a href=\"https:\/\/augolf.pt\/index.php\/2020\/03\/\">Mar\u00e7o 2020<\/a><\/li>\n\t<li><a href=\"https:\/\/augolf.pt\/index.php\/2019\/12\/\">Dezembro 2019<\/a><\/li>\n\t<li><a href=\"https:\/\/augolf.pt\/index.php\/2019\/08\/\">Agosto 2019<\/a><\/li>\n\t<li><a href=\"https:\/\/augolf.pt\/index.php\/2019\/07\/\">Julho 2019<\/a><\/li>\n\t<li><a href=\"https:\/\/augolf.pt\/index.php\/2019\/06\/\">Junho 2019<\/a><\/li>\n\t<li><a href=\"https:\/\/augolf.pt\/index.php\/2019\/05\/\">Maio 2019<\/a><\/li>\n\t\t\t<\/ul>\n\n\t\t\t<\/div><div id=\"categories-2\" class=\"widget widget_categories\"><h5>Categorias<\/h5>\n\t\t\t<ul>\n\t\t\t\t\t<li class=\"cat-item cat-item-27\"><a href=\"https:\/\/augolf.pt\/index.php\/category\/comunicado\/\">Comunicado<\/a>\n<\/li>\n\t<li class=\"cat-item cat-item-28\"><a href=\"https:\/\/augolf.pt\/index.php\/category\/evento\/\">Evento<\/a>\n<\/li>\n\t<li class=\"cat-item cat-item-26\"><a href=\"https:\/\/augolf.pt\/index.php\/category\/informacao\/\">Informa\u00e7\u00e3o<\/a>\n<\/li>\n\t<li class=\"cat-item cat-item-1\"><a href=\"https:\/\/augolf.pt\/index.php\/category\/noticia\/\">Noticia<\/a>\n<\/li>\n\t\t\t<\/ul>\n\n\t\t\t<\/div><div id=\"meta-2\" class=\"widget widget_meta\"><h5>Meta<\/h5>\n\t\t<ul>\n\t\t\t\t\t\t<li><a rel=\"nofollow\" href=\"https:\/\/augolf.pt\/wp-login.php\">Iniciar sess\u00e3o<\/a><\/li>\n\t\t\t<li><a href=\"https:\/\/augolf.pt\/index.php\/feed\/\">Feed de entradas<\/a><\/li>\n\t\t\t<li><a href=\"https:\/\/augolf.pt\/index.php\/comments\/feed\/\">Feed de coment\u00e1rios<\/a><\/li>\n\n\t\t\t<li><a href=\"https:\/\/pt.wordpress.org\/\" target=\"_blank\" rel=\"noopener\">WordPress.org<\/a><\/li>\n\t\t<\/ul>\n\n\t\t<\/div><div id=\"custom_html-3\" class=\"widget_text widget widget_custom_html\"><h5>chat messegenr<\/h5><div class=\"textwidget custom-html-widget\"><!-- Load Facebook SDK for JavaScript -->\r\n\t\t\t<div id=\"fb-root\"><\/div>\r\n\t\t<script>\r\n        window.fbAsyncInit = function() {\r\n          FB.init({\r\n            xfbml            : true,\r\n            version          : 'v9.0'\r\n          });\r\n        };\r\n\r\n        (function(d, s, id) {\r\n        var js, fjs = d.getElementsByTagName(s)[0];\r\n        if (d.getElementById(id)) return;\r\n        js = d.createElement(s); js.id = id;\r\n        js.src = 'https:\/\/connect.facebook.net\/pt_PT\/sdk\/xfbml.customerchat.js';\r\n        fjs.parentNode.insertBefore(js, fjs);\r\n      }(document, 'script', 'facebook-jssdk'));<\/script>\r\n\r\n\t<!-- Your Chat Plugin code -->\r\n\t<div class=\"fb-customerchat\"\r\n        attribution=install_email\r\n        page_id=\"1498721770446649\"\r\n  theme_color=\"#67b868\"\r\n  logged_in_greeting=\"Ol\u00e1! Em que posso ajudar?\"\r\n  logged_out_greeting=\"Ol\u00e1! Em que posso ajudar?\">\r\n\t<\/div><\/div><\/div>\t\t\t\t<\/div>\n\t\t\t\t<\/div>\n\t\t\t\t\t<\/div>\n\t\t<\/div>\n\t\t\t\t<div class=\"elementor-column elementor-col-66 elementor-top-column elementor-element elementor-element-30ab919\" data-id=\"30ab919\" data-element_type=\"column\" data-e-type=\"column\">\n\t\t\t<div class=\"elementor-widget-wrap elementor-element-populated\">\n\t\t\t\t\t\t<div class=\"elementor-element elementor-element-4c94b30 elementor-widget elementor-widget-wp-widget-siteorigin-panels-postloop\" data-id=\"4c94b30\" data-element_type=\"widget\" data-e-type=\"widget\" data-widget_type=\"wp-widget-siteorigin-panels-postloop.default\">\n\t\t\t\t<div class=\"elementor-widget-container\">\n\t\t\t\t\t<article \n\t\tid=\"post-3248\" \n\t\tclass=\"card card-blog card-plain post-3248 post type-post status-publish format-standard has-post-thumbnail hentry category-comunicado\"><div class=\"row \"><div class=\"col-ms-5 col-sm-5\"><div class=\"card-image\"><a href=\"https:\/\/augolf.pt\/index.php\/comunicado-no2-2022\/\" title=\"Comunicado n\u00ba2\/2022\"><img fetchpriority=\"high\" decoding=\"async\" width=\"360\" height=\"240\" src=\"https:\/\/augolf.pt\/wp-content\/uploads\/2021\/11\/mensagem_direcao_PT-360x240.jpg\" class=\"attachment-hestia-blog size-hestia-blog wp-post-image\" alt=\"\" \/><\/a><\/div><\/div><div class= \"col-ms-7 col-sm-7\"><span class=\"category text-info\"><a href=\"https:\/\/augolf.pt\/index.php\/category\/comunicado\/\" title=\"Ver todos os artigos em Comunicado\" rel=\"tag\">Comunicado<\/a> <\/span><h2 class=\"card-title entry-title\"><a href=\"https:\/\/augolf.pt\/index.php\/comunicado-no2-2022\/\" title=\"Comunicado n\u00ba2\/2022\" rel=\"bookmark\">Comunicado n\u00ba2\/2022<\/a><\/h2><div class=\"card-description entry-summary \"><p>MOVIMENTA\u00c7\u00d5ES SUSPEITAS English version here. Caro\/a Associado\/a, Fomos alertados por um associado para a exist\u00eancia de uma c\u00e2mara de vigil\u00e2ncia disfar\u00e7ada de mocho no seu jardim e de movimenta\u00e7\u00f5es de ve\u00edculos e pessoas estranhas nas redondezas da sua moradia. Ap\u00f3s<a class=\"moretag\" href=\"https:\/\/augolf.pt\/index.php\/comunicado-no2-2022\/\"> Ler mais&hellip;<\/a><\/p>\n<\/div><div class=\"posted-by vcard author\">Por <a href=\"https:\/\/augolf.pt\/index.php\/author\/v_nunes\/\" title=\"augolf\" class=\"url\"><b class=\"author-name fn\">augolf<\/b><\/a>, H\u00e1 <a href=\"https:\/\/augolf.pt\/index.php\/comunicado-no2-2022\/\"><time class=\"entry-date published\" datetime=\"2022-02-11T15:30:20+00:00\" content=\"2022-02-11\">4 anos<\/time><time class=\"updated hestia-hidden\" datetime=\"2022-02-11T15:36:05+00:00\">11 de Fevereiro, 2022<\/time> <\/a><\/div><\/div><\/div><\/article><article \n\t\tid=\"post-3230\" \n\t\tclass=\"card card-blog card-plain post-3230 post type-post status-publish format-standard has-post-thumbnail hentry category-informacao\"><div class=\"row \"><div class=\"col-ms-5 col-sm-5\"><div class=\"card-image\"><a href=\"https:\/\/augolf.pt\/index.php\/informacao-no1-2022\/\" title=\"Informa\u00e7\u00e3o n\u00ba1\/2022\"><img decoding=\"async\" width=\"360\" height=\"240\" src=\"https:\/\/augolf.pt\/wp-content\/uploads\/2022\/01\/WhatsApp-Image-2022-01-28-at-14.43.26-360x240.jpeg\" class=\"attachment-hestia-blog size-hestia-blog wp-post-image\" alt=\"\" \/><\/a><\/div><\/div><div class= \"col-ms-7 col-sm-7\"><span class=\"category text-info\"><a href=\"https:\/\/augolf.pt\/index.php\/category\/informacao\/\" title=\"Ver todos os artigos em Informa\u00e7\u00e3o\" rel=\"tag\">Informa\u00e7\u00e3o<\/a> <\/span><h2 class=\"card-title entry-title\"><a href=\"https:\/\/augolf.pt\/index.php\/informacao-no1-2022\/\" title=\"Informa\u00e7\u00e3o n\u00ba1\/2022\" rel=\"bookmark\">Informa\u00e7\u00e3o n\u00ba1\/2022<\/a><\/h2><div class=\"card-description entry-summary \"><p>INC\u00caNDIO CONTENTOR DO LIXO English version here. Caro\/a Associado\/a, Informamos que hoje por volta das 14h00&nbsp; deflagrou um pequeno inc\u00eandio dentro de um contentor devido \u00e0 deposi\u00e7\u00e3o de brasas de lareira ainda quentes. Gra\u00e7as \u00e0 r\u00e1pida interven\u00e7\u00e3o do pessoal da<a class=\"moretag\" href=\"https:\/\/augolf.pt\/index.php\/informacao-no1-2022\/\"> Ler mais&hellip;<\/a><\/p>\n<\/div><div class=\"posted-by vcard author\">Por <a href=\"https:\/\/augolf.pt\/index.php\/author\/v_nunes\/\" title=\"augolf\" class=\"url\"><b class=\"author-name fn\">augolf<\/b><\/a>, H\u00e1 <a href=\"https:\/\/augolf.pt\/index.php\/informacao-no1-2022\/\"><time class=\"entry-date published\" datetime=\"2022-01-28T16:13:34+00:00\" content=\"2022-01-28\">4 anos<\/time><time class=\"updated hestia-hidden\" datetime=\"2022-01-28T16:26:14+00:00\">28 de Janeiro, 2022<\/time> <\/a><\/div><\/div><\/div><\/article><article \n\t\tid=\"post-3120\" \n\t\tclass=\"card card-blog card-plain post-3120 post type-post status-publish format-standard has-post-thumbnail hentry category-comunicado\"><div class=\"row \"><div class=\"col-ms-5 col-sm-5\"><div class=\"card-image\"><a href=\"https:\/\/augolf.pt\/index.php\/comunicado-no1-2022\/\" title=\"Comunicado n\u00ba1\/2022\"><img fetchpriority=\"high\" decoding=\"async\" width=\"360\" height=\"240\" src=\"https:\/\/augolf.pt\/wp-content\/uploads\/2021\/11\/mensagem_direcao_PT-360x240.jpg\" class=\"attachment-hestia-blog size-hestia-blog wp-post-image\" alt=\"\" \/><\/a><\/div><\/div><div class= \"col-ms-7 col-sm-7\"><span class=\"category text-info\"><a href=\"https:\/\/augolf.pt\/index.php\/category\/comunicado\/\" title=\"Ver todos os artigos em Comunicado\" rel=\"tag\">Comunicado<\/a> <\/span><h2 class=\"card-title entry-title\"><a href=\"https:\/\/augolf.pt\/index.php\/comunicado-no1-2022\/\" title=\"Comunicado n\u00ba1\/2022\" rel=\"bookmark\">Comunicado n\u00ba1\/2022<\/a><\/h2><div class=\"card-description entry-summary \"><p>NOVOS ASSALTOS English version here. Caro\/a Associado\/a, Na noite de ontem, sexta-feira, duas resid\u00eancias situadas junto \u00e0s vinhas da Jos\u00e9 Maria da Fonseca foram assaltadas entre as 19h30 e as 22h00. Infelizmente os propriet\u00e1rios n\u00e3o ligaram os alarmes, pelo que<a class=\"moretag\" href=\"https:\/\/augolf.pt\/index.php\/comunicado-no1-2022\/\"> Ler mais&hellip;<\/a><\/p>\n<\/div><div class=\"posted-by vcard author\">Por <a href=\"https:\/\/augolf.pt\/index.php\/author\/v_nunes\/\" title=\"augolf\" class=\"url\"><b class=\"author-name fn\">augolf<\/b><\/a>, H\u00e1 <a href=\"https:\/\/augolf.pt\/index.php\/comunicado-no1-2022\/\"><time class=\"entry-date published\" datetime=\"2022-01-23T13:53:07+00:00\" content=\"2022-01-23\">4 anos<\/time><time class=\"updated hestia-hidden\" datetime=\"2022-01-23T14:00:56+00:00\">23 de Janeiro, 2022<\/time> <\/a><\/div><\/div><\/div><\/article><article \n\t\tid=\"post-3128\" \n\t\tclass=\"card card-blog card-plain post-3128 post type-post status-publish format-standard has-post-thumbnail hentry category-noticia\"><div class=\"row \"><div class=\"col-ms-5 col-sm-5\"><div class=\"card-image\"><a href=\"https:\/\/augolf.pt\/index.php\/news-augolf-4t2021\/\" title=\"News AUGolf 4T2021\"><img loading=\"lazy\" decoding=\"async\" width=\"360\" height=\"240\" src=\"https:\/\/augolf.pt\/wp-content\/uploads\/2019\/08\/e-newsletter-e1567180484989-360x240.jpg\" class=\"attachment-hestia-blog size-hestia-blog wp-post-image\" alt=\"\" \/><\/a><\/div><\/div><div class= \"col-ms-7 col-sm-7\"><span class=\"category text-info\"><a href=\"https:\/\/augolf.pt\/index.php\/category\/noticia\/\" title=\"Ver todos os artigos em Noticia\" rel=\"tag\">Noticia<\/a> <\/span><h2 class=\"card-title entry-title\"><a href=\"https:\/\/augolf.pt\/index.php\/news-augolf-4t2021\/\" title=\"News AUGolf 4T2021\" rel=\"bookmark\">News AUGolf 4T2021<\/a><\/h2><div class=\"card-description entry-summary \"><p>J\u00e1 foi publicada a Newsletter da nossa associa\u00e7\u00e3o deste primeiro trimestre. Nela poder\u00e1 saber o que nos \u00faltimos tr\u00eas meses aconteceu na nossa Urbaniza\u00e7\u00e3o e que trabalhos tem sido realizados pela AUGolf. Poder\u00e1 consultar a vers\u00e3o em portugu\u00eas aqui. English<a class=\"moretag\" href=\"https:\/\/augolf.pt\/index.php\/news-augolf-4t2021\/\"> Ler mais&hellip;<\/a><\/p>\n<\/div><div class=\"posted-by vcard author\">Por <a href=\"https:\/\/augolf.pt\/index.php\/author\/v_nunes\/\" title=\"augolf\" class=\"url\"><b class=\"author-name fn\">augolf<\/b><\/a>, H\u00e1 <a href=\"https:\/\/augolf.pt\/index.php\/news-augolf-4t2021\/\"><time class=\"entry-date published\" datetime=\"2022-01-21T14:11:00+00:00\" content=\"2022-01-21\">4 anos<\/time><time class=\"updated hestia-hidden\" datetime=\"2022-01-23T14:14:23+00:00\">21 de Janeiro, 2022<\/time> <\/a><\/div><\/div><\/div><\/article><article \n\t\tid=\"post-3152\" \n\t\tclass=\"card card-blog card-plain post-3152 post type-post status-publish format-standard has-post-thumbnail hentry category-noticia\"><div class=\"row \"><div class=\"col-ms-5 col-sm-5\"><div class=\"card-image\"><a href=\"https:\/\/augolf.pt\/index.php\/limpeza-urbana\/\" title=\"Limpeza Urbana\"><img loading=\"lazy\" decoding=\"async\" width=\"360\" height=\"240\" src=\"https:\/\/augolf.pt\/wp-content\/uploads\/2022\/01\/WhatsApp-Image-2022-01-18-at-23.48.11-4-360x240.jpeg\" class=\"attachment-hestia-blog size-hestia-blog wp-post-image\" alt=\"\" \/><\/a><\/div><\/div><div class= \"col-ms-7 col-sm-7\"><span class=\"category text-info\"><a href=\"https:\/\/augolf.pt\/index.php\/category\/noticia\/\" title=\"Ver todos os artigos em Noticia\" rel=\"tag\">Noticia<\/a> <\/span><h2 class=\"card-title entry-title\"><a href=\"https:\/\/augolf.pt\/index.php\/limpeza-urbana\/\" title=\"Limpeza Urbana\" rel=\"bookmark\">Limpeza Urbana<\/a><\/h2><div class=\"card-description entry-summary \"><p>Limpeza Urbana &nbsp; Continua a limpeza da nossa urbaniza\u00e7\u00e3o, esta semana na zona da Rua do Pinheiro. A AUGolf assumiu este ano a responsabilidade de limpeza de todo o espa\u00e7o p\u00fablico devido a aus\u00eancia de resposta da Palmela Munic\u00edpio que<a class=\"moretag\" href=\"https:\/\/augolf.pt\/index.php\/limpeza-urbana\/\"> Ler mais&hellip;<\/a><\/p>\n<\/div><div class=\"posted-by vcard author\">Por <a href=\"https:\/\/augolf.pt\/index.php\/author\/v_nunes\/\" title=\"augolf\" class=\"url\"><b class=\"author-name fn\">augolf<\/b><\/a>, H\u00e1 <a href=\"https:\/\/augolf.pt\/index.php\/limpeza-urbana\/\"><time class=\"entry-date published\" datetime=\"2022-01-05T14:32:00+00:00\" content=\"2022-01-05\">4 anos<\/time><time class=\"updated hestia-hidden\" datetime=\"2022-01-23T14:38:46+00:00\">5 de Janeiro, 2022<\/time> <\/a><\/div><\/div><\/div><\/article>\t\t\t\t<\/div>\n\t\t\t\t<\/div>\n\t\t\t\t\t<\/div>\n\t\t<\/div>\n\t\t\t\t\t<\/div>\n\t\t<\/section>\n\t\t\t\t<\/div>\n\t\t","protected":false},"excerpt":{"rendered":"","protected":false},"author":1,"featured_media":0,"parent":0,"menu_order":0,"comment_status":"closed","ping_status":"closed","template":"page-templates\/template-page-sidebar.php","meta":{"footnotes":""},"class_list":["post-504","page","type-page","status-publish","hentry"],"_links":{"self":[{"href":"https:\/\/augolf.pt\/index.php\/wp-json\/wp\/v2\/pages\/504","targetHints":{"allow":["GET"]}}],"collection":[{"href":"https:\/\/augolf.pt\/index.php\/wp-json\/wp\/v2\/pages"}],"about":[{"href":"https:\/\/augolf.pt\/index.php\/wp-json\/wp\/v2\/types\/page"}],"author":[{"embeddable":true,"href":"https:\/\/augolf.pt\/index.php\/wp-json\/wp\/v2\/users\/1"}],"replies":[{"embeddable":true,"href":"https:\/\/augolf.pt\/index.php\/wp-json\/wp\/v2\/comments?post=504"}],"version-history":[{"count":51,"href":"https:\/\/augolf.pt\/index.php\/wp-json\/wp\/v2\/pages\/504\/revisions"}],"predecessor-version":[{"id":2967,"href":"https:\/\/augolf.pt\/index.php\/wp-json\/wp\/v2\/pages\/504\/revisions\/2967"}],"wp:attachment":[{"href":"https:\/\/augolf.pt\/index.php\/wp-json\/wp\/v2\/media?parent=504"}],"curies":[{"name":"wp","href":"https:\/\/api.w.org\/{rel}","templated":true}]}}