{"id":2417,"date":"2021-01-11T19:11:31","date_gmt":"2021-01-11T19:11:31","guid":{"rendered":"http:\/\/augolf.pt\/?page_id=2417"},"modified":"2021-02-03T16:47:30","modified_gmt":"2021-02-03T16:47:30","slug":"vantagens-do-associado","status":"publish","type":"page","link":"https:\/\/augolf.pt\/index.php\/vantagens-do-associado\/","title":{"rendered":"Vantagens do Associado"},"content":{"rendered":"\t\t<div data-elementor-type=\"wp-page\" data-elementor-id=\"2417\" class=\"elementor elementor-2417\">\n\t\t\t\t\t\t<section class=\"elementor-section elementor-top-section elementor-element elementor-element-512d65d elementor-section-boxed elementor-section-height-default elementor-section-height-default\" data-id=\"512d65d\" data-element_type=\"section\" data-e-type=\"section\">\n\t\t\t\t\t\t<div class=\"elementor-container elementor-column-gap-default\">\n\t\t\t\t\t<div class=\"elementor-column elementor-col-100 elementor-top-column elementor-element elementor-element-afc8b65\" data-id=\"afc8b65\" data-element_type=\"column\" data-e-type=\"column\">\n\t\t\t<div class=\"elementor-widget-wrap elementor-element-populated\">\n\t\t\t\t\t\t<div class=\"elementor-element elementor-element-6c15228 elementor-widget elementor-widget-spacer\" data-id=\"6c15228\" data-element_type=\"widget\" data-e-type=\"widget\" data-widget_type=\"spacer.default\">\n\t\t\t\t<div class=\"elementor-widget-container\">\n\t\t\t\t\t\t\t<div class=\"elementor-spacer\">\n\t\t\t<div class=\"elementor-spacer-inner\"><\/div>\n\t\t<\/div>\n\t\t\t\t\t\t<\/div>\n\t\t\t\t<\/div>\n\t\t\t\t\t<\/div>\n\t\t<\/div>\n\t\t\t\t\t<\/div>\n\t\t<\/section>\n\t\t\t\t<section class=\"elementor-section elementor-top-section elementor-element elementor-element-6f3895a elementor-section-boxed elementor-section-height-default elementor-section-height-default\" data-id=\"6f3895a\" data-element_type=\"section\" data-e-type=\"section\">\n\t\t\t\t\t\t<div class=\"elementor-container elementor-column-gap-default\">\n\t\t\t\t\t<div class=\"elementor-column elementor-col-50 elementor-top-column elementor-element elementor-element-23bdb93\" data-id=\"23bdb93\" data-element_type=\"column\" data-e-type=\"column\">\n\t\t\t<div class=\"elementor-widget-wrap elementor-element-populated\">\n\t\t\t\t\t\t<div class=\"elementor-element elementor-element-9950d84 elementor-widget elementor-widget-heading\" data-id=\"9950d84\" data-element_type=\"widget\" data-e-type=\"widget\" data-widget_type=\"heading.default\">\n\t\t\t\t<div class=\"elementor-widget-container\">\n\t\t\t\t\t<h2 class=\"elementor-heading-title elementor-size-default\">Pertencer \u00e0 AUGolf<\/h2>\t\t\t\t<\/div>\n\t\t\t\t<\/div>\n\t\t\t\t<div class=\"elementor-element elementor-element-29e8375 elementor-widget elementor-widget-text-editor\" data-id=\"29e8375\" data-element_type=\"widget\" data-e-type=\"widget\" data-widget_type=\"text-editor.default\">\n\t\t\t\t<div class=\"elementor-widget-container\">\n\t\t\t\t\t\t\t\t\t<div class=\"elementor-element elementor-element-32496de elementor-icon-list--layout-traditional elementor-list-item-link-full_width elementor-widget elementor-widget-icon-list\" data-id=\"32496de\" data-element_type=\"widget\" data-widget_type=\"icon-list.default\"><div class=\"elementor-widget-container\"><ul class=\"elementor-icon-list-items\"><li class=\"elementor-icon-list-item\"><span class=\"elementor-icon-list-icon\"><i class=\"fas fa-check\" aria-hidden=\"true\"><\/i><\/span><span class=\"elementor-icon-list-text\">\u00c9 pertencer ao grupo de propriet\u00e1rios ou residentes do Golf do Montado que usam a consci\u00eancia social como forma de participa\u00e7\u00e3o no bem comum;<\/span><\/li><li class=\"elementor-icon-list-item\"><span class=\"elementor-icon-list-icon\"><i class=\"fas fa-check\" aria-hidden=\"true\"><\/i><\/span><span class=\"elementor-icon-list-text\">\u00c9 pertencer ao grupo de propriet\u00e1rios ou residentes que se preocupam com a evolu\u00e7\u00e3o e melhoria das condi\u00e7\u00f5es de vida no Golf do Montado;<\/span><\/li><li class=\"elementor-icon-list-item\"><span class=\"elementor-icon-list-icon\"><i class=\"fas fa-check\" aria-hidden=\"true\"><\/i><\/span><span class=\"elementor-icon-list-text\">\u00c9 uma forma de estar em harmonia e plenitude com o meio que nos rodeia;<\/span><\/li><li class=\"elementor-icon-list-item\"><span class=\"elementor-icon-list-icon\"><i class=\"fas fa-check\" aria-hidden=\"true\"><\/i><\/span><span class=\"elementor-icon-list-text\">\u00c9 uma forma de exercer cidadania e valorizar a nossa comunidade.<\/span><\/li><\/ul><\/div><\/div><div class=\"elementor-element elementor-element-3a3e33d elementor-widget elementor-widget-text-editor\" data-id=\"3a3e33d\" data-element_type=\"widget\" data-widget_type=\"text-editor.default\"><div class=\"elementor-widget-container\"><div class=\"elementor-text-editor elementor-clearfix\"><p>Assim pertencer \u00e0 AUGolf \u00e9, s\u00f3 por si, uma vantagem para si e a sua fam\u00edlia, mas tamb\u00e9m, para os seus vizinhos e para a sociedade em geral.<\/p><p>Contudo pertencer \u00e0 AUGolf traz algumas responsabilidades de cariz financeiro e por isso, a AUGolf tamb\u00e9m se preocupa em oferecer muitas vantagens para os associados e suas fam\u00edlias.<\/p><p>Juntos, somos mais fortes!<\/p><p>Se ainda n\u00e3o \u00e9\u2026 Fa\u00e7a-se j\u00e1 associado!<\/p><\/div><\/div><\/div><div class=\"elementor-element elementor-element-74f42e7 elementor-align-right elementor-mobile-align-center elementor-widget elementor-widget-button\" data-id=\"74f42e7\" data-element_type=\"widget\" data-widget_type=\"button.default\"><div class=\"elementor-widget-container\"><div class=\"elementor-button-wrapper\"><\/div><\/div><\/div>\t\t\t\t\t\t\t\t<\/div>\n\t\t\t\t<\/div>\n\t\t\t\t\t<\/div>\n\t\t<\/div>\n\t\t\t\t<div class=\"elementor-column elementor-col-50 elementor-top-column elementor-element elementor-element-9cf5e1a\" data-id=\"9cf5e1a\" data-element_type=\"column\" data-e-type=\"column\">\n\t\t\t<div class=\"elementor-widget-wrap elementor-element-populated\">\n\t\t\t\t\t\t<div class=\"elementor-element elementor-element-1fbc523 elementor-widget elementor-widget-heading\" data-id=\"1fbc523\" data-element_type=\"widget\" data-e-type=\"widget\" data-widget_type=\"heading.default\">\n\t\t\t\t<div class=\"elementor-widget-container\">\n\t\t\t\t\t<h2 class=\"elementor-heading-title elementor-size-default\">Vantagens Associados<\/h2>\t\t\t\t<\/div>\n\t\t\t\t<\/div>\n\t\t\t\t<div class=\"elementor-element elementor-element-949e3d4 elementor-widget elementor-widget-toggle\" data-id=\"949e3d4\" data-element_type=\"widget\" data-e-type=\"widget\" data-widget_type=\"toggle.default\">\n\t\t\t\t<div class=\"elementor-widget-container\">\n\t\t\t\t\t\t\t<div class=\"elementor-toggle\">\n\t\t\t\t\t\t\t<div class=\"elementor-toggle-item\">\n\t\t\t\t\t<div id=\"elementor-tab-title-1551\" class=\"elementor-tab-title\" data-tab=\"1\" role=\"button\" aria-controls=\"elementor-tab-content-1551\" aria-expanded=\"false\">\n\t\t\t\t\t\t\t\t\t\t\t\t<span class=\"elementor-toggle-icon elementor-toggle-icon-left\" aria-hidden=\"true\">\n\t\t\t\t\t\t\t\t\t\t\t\t\t\t\t<span class=\"elementor-toggle-icon-closed\"><i class=\"fas fa-caret-right\"><\/i><\/span>\n\t\t\t\t\t\t\t\t<span class=\"elementor-toggle-icon-opened\"><i class=\"elementor-toggle-icon-opened fas fa-caret-up\"><\/i><\/span>\n\t\t\t\t\t\t\t\t\t\t\t\t\t<\/span>\n\t\t\t\t\t\t\t\t\t\t\t\t<a class=\"elementor-toggle-title\" tabindex=\"0\">SEGURAN\u00c7A<\/a>\n\t\t\t\t\t<\/div>\n\n\t\t\t\t\t<div id=\"elementor-tab-content-1551\" class=\"elementor-tab-content elementor-clearfix\" data-tab=\"1\" role=\"region\" aria-labelledby=\"elementor-tab-title-1551\"><p><strong>Servi\u00e7os pagos e disponibilizados pelos associados a todos os propriet\u00e1rios e moradores n\u00e3o associados do Golf do Montado:<\/strong><\/p><ul><li>Portaria 24 horas;<\/li><li>Ronda 24 horas;<\/li><li>Sistema de vigil\u00e2ncia;<\/li><\/ul><p><strong>Servi\u00e7os exclusivos aos associados:<\/strong><\/p><ul><li>Os seus im\u00f3veis identificados;<\/li><li>As viaturas ter\u00e3o uma TAG identificadora com d\u00edstico de abertura autom\u00e1tica das cancelas;<\/li><li>Acesso ao n\u00famero do seguran\u00e7a para pedir auxilio;<\/li><li>Pedido de aten\u00e7\u00e3o especial em situa\u00e7\u00f5es de aus\u00eancia;<\/li><li>Liga\u00e7\u00e3o dos alarmes, independentemente do tipo e empresa prestadora do servi\u00e7o, \u00e0 Portaria para interven\u00e7\u00e3o imediata;<\/li><li>Articula\u00e7\u00e3o, em situa\u00e7\u00e3o de emerg\u00eancia, com for\u00e7as de seguran\u00e7a, bombeiros e outras;<\/li><li>Possibilidade de solicitar, via telefone, a verifica\u00e7\u00e3o das condi\u00e7\u00f5es de seguran\u00e7a dos seus im\u00f3veis.<\/li><\/ul><p><strong>Os seguran\u00e7as n\u00e3o ter\u00e3o qualquer interven\u00e7\u00e3o junto dos propriet\u00e1rios e residentes (e respetivos im\u00f3veis) n\u00e3o aderentes \u00e0 AUGolf.<\/strong><\/p><\/div>\n\t\t\t\t<\/div>\n\t\t\t\t\t\t\t<div class=\"elementor-toggle-item\">\n\t\t\t\t\t<div id=\"elementor-tab-title-1552\" class=\"elementor-tab-title\" data-tab=\"2\" role=\"button\" aria-controls=\"elementor-tab-content-1552\" aria-expanded=\"false\">\n\t\t\t\t\t\t\t\t\t\t\t\t<span class=\"elementor-toggle-icon elementor-toggle-icon-left\" aria-hidden=\"true\">\n\t\t\t\t\t\t\t\t\t\t\t\t\t\t\t<span class=\"elementor-toggle-icon-closed\"><i class=\"fas fa-caret-right\"><\/i><\/span>\n\t\t\t\t\t\t\t\t<span class=\"elementor-toggle-icon-opened\"><i class=\"elementor-toggle-icon-opened fas fa-caret-up\"><\/i><\/span>\n\t\t\t\t\t\t\t\t\t\t\t\t\t<\/span>\n\t\t\t\t\t\t\t\t\t\t\t\t<a class=\"elementor-toggle-title\" tabindex=\"0\">PARCERIAS<\/a>\n\t\t\t\t\t<\/div>\n\n\t\t\t\t\t<div id=\"elementor-tab-content-1552\" class=\"elementor-tab-content elementor-clearfix\" data-tab=\"2\" role=\"region\" aria-labelledby=\"elementor-tab-title-1552\"><p>A AUGolf est\u00e1 a desenvolver, em conv\u00e9nio com v\u00e1rias entidades fornecedores de servi\u00e7os, vantagens que s\u00e3o uteis aos seus associados.<\/p><p>O objetivo destas parcerias \u00e9 obter condi\u00e7\u00f5es privilegiadas de acesso e descontos junto destes parceiros.<\/p><p>Para isso contamos com uma lista de empresas que se encontra dispon\u00edvel no nosso site no separador<span>\u00a0<\/span><a href=\"https:\/\/augolf.pt\/index.php\/parcerias-protocolos\/\">PARCERIAS<\/a>,<\/p><p>A\u00ed poder\u00e1 verificar que parceiros e descontos ou promo\u00e7\u00f5es pode obter de vantagem sendo associado da AUGolf e apresentando o seu cart\u00e3o de associado junto do parceiro.<\/p><\/div>\n\t\t\t\t<\/div>\n\t\t\t\t\t\t\t<div class=\"elementor-toggle-item\">\n\t\t\t\t\t<div id=\"elementor-tab-title-1553\" class=\"elementor-tab-title\" data-tab=\"3\" role=\"button\" aria-controls=\"elementor-tab-content-1553\" aria-expanded=\"false\">\n\t\t\t\t\t\t\t\t\t\t\t\t<span class=\"elementor-toggle-icon elementor-toggle-icon-left\" aria-hidden=\"true\">\n\t\t\t\t\t\t\t\t\t\t\t\t\t\t\t<span class=\"elementor-toggle-icon-closed\"><i class=\"fas fa-caret-right\"><\/i><\/span>\n\t\t\t\t\t\t\t\t<span class=\"elementor-toggle-icon-opened\"><i class=\"elementor-toggle-icon-opened fas fa-caret-up\"><\/i><\/span>\n\t\t\t\t\t\t\t\t\t\t\t\t\t<\/span>\n\t\t\t\t\t\t\t\t\t\t\t\t<a class=\"elementor-toggle-title\" tabindex=\"0\">COMUNICA\u00c7\u00c3O<\/a>\n\t\t\t\t\t<\/div>\n\n\t\t\t\t\t<div id=\"elementor-tab-content-1553\" class=\"elementor-tab-content elementor-clearfix\" data-tab=\"3\" role=\"region\" aria-labelledby=\"elementor-tab-title-1553\"><p>Atrav\u00e9s do nosso site,<span>\u00a0<\/span><a href=\"https:\/\/www.facebook.com\/augolfmontado\" target=\"_blank\" rel=\"noopener\">facebook<\/a><span>\u00a0<\/span>ou<span>\u00a0<\/span><a href=\"https:\/\/augolf.pt\/index.php\/contactos\/\">telefone<\/a><span>\u00a0<\/span>estamos sempre dispon\u00edveis para ajudar os s\u00f3cios, nossos vizinhos.<\/p><p>Coloque-nos as suas quest\u00f5es ou sugest\u00f5es atrav\u00e9s do email <a href=\"mailto:apoioassociado@augolf.pt\">apoioassociado@augolf.pt<\/a><\/p><\/div>\n\t\t\t\t<\/div>\n\t\t\t\t\t\t\t\t<\/div>\n\t\t\t\t\t\t<\/div>\n\t\t\t\t<\/div>\n\t\t\t\t<div class=\"elementor-element elementor-element-ab2654e elementor-widget elementor-widget-spacer\" data-id=\"ab2654e\" data-element_type=\"widget\" data-e-type=\"widget\" data-widget_type=\"spacer.default\">\n\t\t\t\t<div class=\"elementor-widget-container\">\n\t\t\t\t\t\t\t<div class=\"elementor-spacer\">\n\t\t\t<div class=\"elementor-spacer-inner\"><\/div>\n\t\t<\/div>\n\t\t\t\t\t\t<\/div>\n\t\t\t\t<\/div>\n\t\t\t\t<div class=\"elementor-element elementor-element-2412569 elementor-align-left elementor-widget elementor-widget-button\" data-id=\"2412569\" data-element_type=\"widget\" data-e-type=\"widget\" data-widget_type=\"button.default\">\n\t\t\t\t<div class=\"elementor-widget-container\">\n\t\t\t\t\t\t\t\t\t<div class=\"elementor-button-wrapper\">\n\t\t\t\t\t<a class=\"elementor-button elementor-button-link elementor-size-sm\" href=\"https:\/\/augolf.pt\/index.php\/ser-associado\/\">\n\t\t\t\t\t\t<span class=\"elementor-button-content-wrapper\">\n\t\t\t\t\t\t\t\t\t<span class=\"elementor-button-text\">Seja Associado<\/span>\n\t\t\t\t\t<\/span>\n\t\t\t\t\t<\/a>\n\t\t\t\t<\/div>\n\t\t\t\t\t\t\t\t<\/div>\n\t\t\t\t<\/div>\n\t\t\t\t\t<\/div>\n\t\t<\/div>\n\t\t\t\t\t<\/div>\n\t\t<\/section>\n\t\t\t\t<\/div>\n\t\t","protected":false},"excerpt":{"rendered":"<p>Pertencer \u00e0 AUGolf \u00c9 pertencer ao grupo de propriet\u00e1rios ou residentes do Golf do Montado que usam a consci\u00eancia social como forma de participa\u00e7\u00e3o no bem comum; \u00c9 pertencer ao grupo de propriet\u00e1rios ou residentes que se preocupam com a evolu\u00e7\u00e3o e melhoria das condi\u00e7\u00f5es de vida no Golf do [&hellip;]<\/p>\n","protected":false},"author":1,"featured_media":2020,"parent":0,"menu_order":0,"comment_status":"closed","ping_status":"closed","template":"page-templates\/template-fullwidth.php","meta":{"footnotes":""},"class_list":["post-2417","page","type-page","status-publish","has-post-thumbnail","hentry"],"_links":{"self":[{"href":"https:\/\/augolf.pt\/index.php\/wp-json\/wp\/v2\/pages\/2417","targetHints":{"allow":["GET"]}}],"collection":[{"href":"https:\/\/augolf.pt\/index.php\/wp-json\/wp\/v2\/pages"}],"about":[{"href":"https:\/\/augolf.pt\/index.php\/wp-json\/wp\/v2\/types\/page"}],"author":[{"embeddable":true,"href":"https:\/\/augolf.pt\/index.php\/wp-json\/wp\/v2\/users\/1"}],"replies":[{"embeddable":true,"href":"https:\/\/augolf.pt\/index.php\/wp-json\/wp\/v2\/comments?post=2417"}],"version-history":[{"count":42,"href":"https:\/\/augolf.pt\/index.php\/wp-json\/wp\/v2\/pages\/2417\/revisions"}],"predecessor-version":[{"id":2541,"href":"https:\/\/augolf.pt\/index.php\/wp-json\/wp\/v2\/pages\/2417\/revisions\/2541"}],"wp:featuredmedia":[{"embeddable":true,"href":"https:\/\/augolf.pt\/index.php\/wp-json\/wp\/v2\/media\/2020"}],"wp:attachment":[{"href":"https:\/\/augolf.pt\/index.php\/wp-json\/wp\/v2\/media?parent=2417"}],"curies":[{"name":"wp","href":"https:\/\/api.w.org\/{rel}","templated":true}]}}