{"id":205,"date":"2019-08-04T02:12:38","date_gmt":"2019-08-04T02:12:38","guid":{"rendered":"http:\/\/augolf.pt\/?page_id=205"},"modified":"2025-05-11T17:07:41","modified_gmt":"2025-05-11T17:07:41","slug":"ser-associado","status":"publish","type":"page","link":"https:\/\/augolf.pt\/index.php\/ser-associado\/","title":{"rendered":"Ser Associado"},"content":{"rendered":"\t\t<div data-elementor-type=\"wp-post\" data-elementor-id=\"205\" class=\"elementor elementor-205\">\n\t\t\t\t\t\t<section class=\"elementor-section elementor-top-section elementor-element elementor-element-743ee07 elementor-section-boxed elementor-section-height-default elementor-section-height-default\" data-id=\"743ee07\" data-element_type=\"section\" data-e-type=\"section\">\n\t\t\t\t\t\t<div class=\"elementor-container elementor-column-gap-default\">\n\t\t\t\t\t<div class=\"elementor-column elementor-col-100 elementor-top-column elementor-element elementor-element-e94a083\" data-id=\"e94a083\" data-element_type=\"column\" data-e-type=\"column\">\n\t\t\t<div class=\"elementor-widget-wrap elementor-element-populated\">\n\t\t\t\t\t\t<div class=\"elementor-element elementor-element-2f2ca98 elementor-widget elementor-widget-heading\" data-id=\"2f2ca98\" data-element_type=\"widget\" data-e-type=\"widget\" data-widget_type=\"heading.default\">\n\t\t\t\t<div class=\"elementor-widget-container\">\n\t\t\t\t\t<h2 class=\"elementor-heading-title elementor-size-large\">Como tornar-se Associado<\/h2>\t\t\t\t<\/div>\n\t\t\t\t<\/div>\n\t\t\t\t\t<\/div>\n\t\t<\/div>\n\t\t\t\t\t<\/div>\n\t\t<\/section>\n\t\t\t\t<section class=\"elementor-section elementor-top-section elementor-element elementor-element-009fc4b elementor-section-boxed elementor-section-height-default elementor-section-height-default\" data-id=\"009fc4b\" data-element_type=\"section\" data-e-type=\"section\">\n\t\t\t\t\t\t<div class=\"elementor-container elementor-column-gap-default\">\n\t\t\t\t\t<div class=\"elementor-column elementor-col-50 elementor-top-column elementor-element elementor-element-dc57a66\" data-id=\"dc57a66\" data-element_type=\"column\" data-e-type=\"column\">\n\t\t\t<div class=\"elementor-widget-wrap elementor-element-populated\">\n\t\t\t\t\t\t<div class=\"elementor-element elementor-element-22ef8f1 elementor-widget elementor-widget-text-editor\" data-id=\"22ef8f1\" data-element_type=\"widget\" data-e-type=\"widget\" data-widget_type=\"text-editor.default\">\n\t\t\t\t<div class=\"elementor-widget-container\">\n\t\t\t\t\t\t\t\t\t<p>Preencha a ficha de inscri\u00e7\u00e3o e envie para <strong><a href=\"mailto:apoioassociado@augolf.pt\">apoioassociado@augolf.pt<\/a><\/strong><\/p><p><strong>Somente com a participa\u00e7\u00e3o e vontade de todos conseguiremos ter um Montado melhor, mais limpo, mais seguro, mais organizado!<\/strong><\/p>\t\t\t\t\t\t\t\t<\/div>\n\t\t\t\t<\/div>\n\t\t\t\t<div class=\"elementor-element elementor-element-e0c4427 elementor-widget elementor-widget-spacer\" data-id=\"e0c4427\" data-element_type=\"widget\" data-e-type=\"widget\" data-widget_type=\"spacer.default\">\n\t\t\t\t<div class=\"elementor-widget-container\">\n\t\t\t\t\t\t\t<div class=\"elementor-spacer\">\n\t\t\t<div class=\"elementor-spacer-inner\"><\/div>\n\t\t<\/div>\n\t\t\t\t\t\t<\/div>\n\t\t\t\t<\/div>\n\t\t\t\t<div class=\"elementor-element elementor-element-b0373a7 elementor-align-center elementor-widget elementor-widget-button\" data-id=\"b0373a7\" data-element_type=\"widget\" data-e-type=\"widget\" data-widget_type=\"button.default\">\n\t\t\t\t<div class=\"elementor-widget-container\">\n\t\t\t\t\t\t\t\t\t<div class=\"elementor-button-wrapper\">\n\t\t\t\t\t<a class=\"elementor-button elementor-button-link elementor-size-sm\" href=\"http:\/\/augolf.pt\/wp-content\/uploads\/2025\/05\/Ficha-de-Inscricao-Associado-2025.pdf\" target=\"_blank\">\n\t\t\t\t\t\t<span class=\"elementor-button-content-wrapper\">\n\t\t\t\t\t\t\t\t\t<span class=\"elementor-button-text\">Ficha Associado<\/span>\n\t\t\t\t\t<\/span>\n\t\t\t\t\t<\/a>\n\t\t\t\t<\/div>\n\t\t\t\t\t\t\t\t<\/div>\n\t\t\t\t<\/div>\n\t\t\t\t\t<\/div>\n\t\t<\/div>\n\t\t\t\t<div class=\"elementor-column elementor-col-50 elementor-top-column elementor-element elementor-element-646ee37\" data-id=\"646ee37\" data-element_type=\"column\" data-e-type=\"column\">\n\t\t\t<div class=\"elementor-widget-wrap elementor-element-populated\">\n\t\t\t\t\t\t<div class=\"elementor-element elementor-element-2413013 elementor-widget elementor-widget-text-editor\" data-id=\"2413013\" data-element_type=\"widget\" data-e-type=\"widget\" data-widget_type=\"text-editor.default\">\n\t\t\t\t<div class=\"elementor-widget-container\">\n\t\t\t\t\t\t\t\t\t<div class=\"elementor-element elementor-element-7e52c26 elementor-widget elementor-widget-heading\" data-id=\"7e52c26\" data-element_type=\"widget\" data-widget_type=\"heading.default\"><div class=\"elementor-widget-container\"><p class=\"elementor-heading-title elementor-size-default\"><strong style=\"font-size: inherit;\">Quotas<\/strong><\/p><\/div><\/div><div class=\"elementor-element elementor-element-a026d1e elementor-widget elementor-widget-text-editor\" data-id=\"a026d1e\" data-element_type=\"widget\" data-widget_type=\"text-editor.default\"><div class=\"elementor-widget-container\"><div class=\"elementor-text-editor elementor-clearfix\"><p>A quotiza\u00e7\u00e3o \u00e9 paga Trimestralmente sendo os v<span style=\"font-size: inherit;\">alores em vigor desde Janeiro de 2025, os seguintes:<\/span><\/p><p>\u00a0 &#8211; J\u00f3ia &#8211; 100\u20ac<br \/>\u00a0 &#8211; Lotes Sem Constru\u00e7\u00e3o\u00a0 \u00a0= 120,00\u20ac\/trimestre<br \/>\u00a0 &#8211; Lotes Com Constru\u00e7\u00e3o\u00a0 \u00a0=\u00a0 261,00\u20ac\/trimestre<br \/>\u00a0 &#8211; Lote 3 Varandas do Golf\u00a0 = 102,00\u20ac\/trimestre<\/p><p><\/p><\/div><\/div><\/div>\t\t\t\t\t\t\t\t<\/div>\n\t\t\t\t<\/div>\n\t\t\t\t\t<\/div>\n\t\t<\/div>\n\t\t\t\t\t<\/div>\n\t\t<\/section>\n\t\t\t\t<\/div>\n\t\t","protected":false},"excerpt":{"rendered":"<p>Como tornar-se Associado Preencha a ficha de inscri\u00e7\u00e3o e envie para apoioassociado@augolf.pt Somente com a participa\u00e7\u00e3o e vontade de todos conseguiremos ter um Montado melhor, mais limpo, mais seguro, mais organizado! Ficha Associado Quotas A quotiza\u00e7\u00e3o \u00e9 paga Trimestralmente sendo os valores em vigor desde Janeiro de 2025, os seguintes: [&hellip;]<\/p>\n","protected":false},"author":1,"featured_media":0,"parent":0,"menu_order":0,"comment_status":"closed","ping_status":"closed","template":"","meta":{"footnotes":""},"class_list":["post-205","page","type-page","status-publish","hentry"],"_links":{"self":[{"href":"https:\/\/augolf.pt\/index.php\/wp-json\/wp\/v2\/pages\/205","targetHints":{"allow":["GET"]}}],"collection":[{"href":"https:\/\/augolf.pt\/index.php\/wp-json\/wp\/v2\/pages"}],"about":[{"href":"https:\/\/augolf.pt\/index.php\/wp-json\/wp\/v2\/types\/page"}],"author":[{"embeddable":true,"href":"https:\/\/augolf.pt\/index.php\/wp-json\/wp\/v2\/users\/1"}],"replies":[{"embeddable":true,"href":"https:\/\/augolf.pt\/index.php\/wp-json\/wp\/v2\/comments?post=205"}],"version-history":[{"count":67,"href":"https:\/\/augolf.pt\/index.php\/wp-json\/wp\/v2\/pages\/205\/revisions"}],"predecessor-version":[{"id":8726,"href":"https:\/\/augolf.pt\/index.php\/wp-json\/wp\/v2\/pages\/205\/revisions\/8726"}],"wp:attachment":[{"href":"https:\/\/augolf.pt\/index.php\/wp-json\/wp\/v2\/media?parent=205"}],"curies":[{"name":"wp","href":"https:\/\/api.w.org\/{rel}","templated":true}]}}