{"id":1282,"date":"2020-08-27T09:16:33","date_gmt":"2020-08-27T09:16:33","guid":{"rendered":"http:\/\/augolf.pt\/?page_id=1282"},"modified":"2020-08-27T09:43:31","modified_gmt":"2020-08-27T09:43:31","slug":"como-chegar","status":"publish","type":"page","link":"https:\/\/augolf.pt\/index.php\/como-chegar\/","title":{"rendered":"Como Chegar"},"content":{"rendered":"\t\t<div data-elementor-type=\"wp-page\" data-elementor-id=\"1282\" class=\"elementor elementor-1282\">\n\t\t\t\t\t\t<section class=\"elementor-section elementor-top-section elementor-element elementor-element-a4d012b elementor-section-boxed elementor-section-height-default elementor-section-height-default\" data-id=\"a4d012b\" data-element_type=\"section\" data-e-type=\"section\">\n\t\t\t\t\t\t<div class=\"elementor-container elementor-column-gap-default\">\n\t\t\t\t\t<div class=\"elementor-column elementor-col-100 elementor-top-column elementor-element elementor-element-4add3ad\" data-id=\"4add3ad\" data-element_type=\"column\" data-e-type=\"column\">\n\t\t\t<div class=\"elementor-widget-wrap elementor-element-populated\">\n\t\t\t\t\t\t<div class=\"elementor-element elementor-element-890b38c elementor-widget elementor-widget-text-editor\" data-id=\"890b38c\" data-element_type=\"widget\" data-e-type=\"widget\" data-widget_type=\"text-editor.default\">\n\t\t\t\t<div class=\"elementor-widget-container\">\n\t\t\t\t\t\t\t\t\t<ul><li><span class=\"\">De carro a 30 min de Lisboa pela A2 ou A12.\u00a0<\/span><\/li><li><span class=\"\">De transportes a 60min de Fertagus at\u00e9 Set\u00fabal e 10min de t\u00e1xi.\u00a0<\/span><\/li><\/ul><div class=\"\"><span class=\"\">Por transporte ferrovi\u00e1rio tem duas op\u00e7\u00f5es. Poder\u00e1 sair na esta\u00e7\u00e3o de Palmela ou de Set\u00fabal. Depois ter\u00e1 de chamar um t\u00e1xi para realizar a parte final do trajeto.<\/span><br \/><span class=\"\"><br \/><\/span><br \/><span class=\"\">De carro poder\u00e1 sair nas sa\u00edda da A2 em Palmela e apanhar a Estrada do Poceir\u00e3o at\u00e9 os Brejos do Assa ou sair na sa\u00edda da A12 em Set\u00fabal e apanhar a N-10 em dire\u00e7\u00e3o at\u00e9 Alc\u00e1cer do Sal.<\/span><\/div>\t\t\t\t\t\t\t\t<\/div>\n\t\t\t\t<\/div>\n\t\t\t\t\t<\/div>\n\t\t<\/div>\n\t\t\t\t\t<\/div>\n\t\t<\/section>\n\t\t\t\t<section class=\"elementor-section elementor-top-section elementor-element elementor-element-c054aa7 elementor-section-boxed elementor-section-height-default elementor-section-height-default\" data-id=\"c054aa7\" data-element_type=\"section\" data-e-type=\"section\">\n\t\t\t\t\t\t<div class=\"elementor-container elementor-column-gap-default\">\n\t\t\t\t\t<div class=\"elementor-column elementor-col-100 elementor-top-column elementor-element elementor-element-55cab46\" data-id=\"55cab46\" data-element_type=\"column\" data-e-type=\"column\">\n\t\t\t<div class=\"elementor-widget-wrap elementor-element-populated\">\n\t\t\t\t\t\t<div class=\"elementor-element elementor-element-caa97cb elementor-widget elementor-widget-image\" data-id=\"caa97cb\" data-element_type=\"widget\" data-e-type=\"widget\" data-widget_type=\"image.default\">\n\t\t\t\t<div class=\"elementor-widget-container\">\n\t\t\t\t\t\t\t\t\t\t\t\t\t\t\t<img fetchpriority=\"high\" decoding=\"async\" width=\"750\" height=\"587\" src=\"https:\/\/augolf.pt\/wp-content\/uploads\/2020\/08\/Imagem-4-scaled-e1598521277489-1024x802.jpg\" class=\"attachment-large size-large wp-image-1289\" alt=\"\" srcset=\"https:\/\/augolf.pt\/wp-content\/uploads\/2020\/08\/Imagem-4-scaled-e1598521277489-1024x802.jpg 1024w, https:\/\/augolf.pt\/wp-content\/uploads\/2020\/08\/Imagem-4-scaled-e1598521277489-300x235.jpg 300w, https:\/\/augolf.pt\/wp-content\/uploads\/2020\/08\/Imagem-4-scaled-e1598521277489-768x601.jpg 768w, https:\/\/augolf.pt\/wp-content\/uploads\/2020\/08\/Imagem-4-scaled-e1598521277489-1536x1202.jpg 1536w, https:\/\/augolf.pt\/wp-content\/uploads\/2020\/08\/Imagem-4-scaled-e1598521277489.jpg 1584w\" sizes=\"(max-width: 750px) 100vw, 750px\" \/>\t\t\t\t\t\t\t\t\t\t\t\t\t\t\t<\/div>\n\t\t\t\t<\/div>\n\t\t\t\t\t<\/div>\n\t\t<\/div>\n\t\t\t\t\t<\/div>\n\t\t<\/section>\n\t\t\t\t<\/div>\n\t\t","protected":false},"excerpt":{"rendered":"<p>De carro a 30 min de Lisboa pela A2 ou A12.\u00a0 De transportes a 60min de Fertagus at\u00e9 Set\u00fabal e 10min de t\u00e1xi.\u00a0 Por transporte ferrovi\u00e1rio tem duas op\u00e7\u00f5es. Poder\u00e1 sair na esta\u00e7\u00e3o de Palmela ou de Set\u00fabal. Depois ter\u00e1 de chamar um t\u00e1xi para realizar a parte final do [&hellip;]<\/p>\n","protected":false},"author":1,"featured_media":0,"parent":0,"menu_order":0,"comment_status":"closed","ping_status":"closed","template":"page-templates\/template-page-sidebar.php","meta":{"footnotes":""},"class_list":["post-1282","page","type-page","status-publish","hentry"],"_links":{"self":[{"href":"https:\/\/augolf.pt\/index.php\/wp-json\/wp\/v2\/pages\/1282","targetHints":{"allow":["GET"]}}],"collection":[{"href":"https:\/\/augolf.pt\/index.php\/wp-json\/wp\/v2\/pages"}],"about":[{"href":"https:\/\/augolf.pt\/index.php\/wp-json\/wp\/v2\/types\/page"}],"author":[{"embeddable":true,"href":"https:\/\/augolf.pt\/index.php\/wp-json\/wp\/v2\/users\/1"}],"replies":[{"embeddable":true,"href":"https:\/\/augolf.pt\/index.php\/wp-json\/wp\/v2\/comments?post=1282"}],"version-history":[{"count":3,"href":"https:\/\/augolf.pt\/index.php\/wp-json\/wp\/v2\/pages\/1282\/revisions"}],"predecessor-version":[{"id":1290,"href":"https:\/\/augolf.pt\/index.php\/wp-json\/wp\/v2\/pages\/1282\/revisions\/1290"}],"wp:attachment":[{"href":"https:\/\/augolf.pt\/index.php\/wp-json\/wp\/v2\/media?parent=1282"}],"curies":[{"name":"wp","href":"https:\/\/api.w.org\/{rel}","templated":true}]}}